{"id":34,"date":"2024-04-24T11:12:40","date_gmt":"2024-04-24T09:12:40","guid":{"rendered":"https:\/\/metafora.archi\/?page_id=34"},"modified":"2024-10-04T10:11:04","modified_gmt":"2024-10-04T08:11:04","slug":"ricerca-e-visione","status":"publish","type":"page","link":"https:\/\/metafora.archi\/it\/ricerca-e-visione\/","title":{"rendered":"Ricerca e visione"},"content":{"rendered":"<p>Lo studio \u201cMetaforA\u201d ha nell&#8217;etimologia del suo nome il suo programma: \u201cportare oltre\u201d, che \u00e8 al tempo stesso una definizione di architettura (che non coincide mai col mero manufatto edile) ed un programma: la volont\u00e0 di \u201candare oltre\u201d le semplici apparenze, ricercare i significati pi\u00f9\u00a0 profondi dell&#8217;abitare, portare la nostra professione e la qualit\u00e0 di vita del nostro committente e della comunit\u00e0 ad un \u201clivello superiore\u201d.<\/p>\n<p>Tendiamo alla produzione di una architettura che riconnetta l&#8217;uomo al suo ambiente ed alla sua interiorit\u00e0, e che pertanto ha nella interdisciplinarit\u00e0 e soprattutto nella sensorialit\u00e0 la sua principale ragion d\u2019essere.<\/p>\n<p>La nostra mission pu\u00f2 quindi\u00a0 essere cos\u00ec riassunta:<\/p>\n<p>&#8220;Da una architettura per la vista ad una architettura per la vita&#8221;<\/p>\n<p>&nbsp;<\/p>\n<p>Per approfondire: <a href=\"http:\/\/agorametafora.blogspot.com\/\" target=\"_blank\" rel=\"noopener\" data-saferedirecturl=\"https:\/\/www.google.com\/url?q=https:\/\/agorametafora.blogspot.com\/&amp;source=gmail&amp;ust=1714547743915000&amp;usg=AOvVaw0Eq49roj957IZ2-hr_kfD3\">agorametafora.blogspot.com<\/a><\/p>\n","protected":false},"excerpt":{"rendered":"<p>Lo studio \u201cMetaforA\u201d ha nell&#8217;etimologia del suo nome il suo programma: \u201cportare oltre\u201d, che \u00e8 al tempo stesso una definizione&#8230;<\/p>\n","protected":false},"author":1,"featured_media":0,"parent":0,"menu_order":0,"comment_status":"closed","ping_status":"closed","template":"","meta":{"_acf_changed":false,"footnotes":""},"class_list":["post-34","page","type-page","status-publish","hentry"],"acf":[],"_links":{"self":[{"href":"https:\/\/metafora.archi\/it\/wp-json\/wp\/v2\/pages\/34","targetHints":{"allow":["GET"]}}],"collection":[{"href":"https:\/\/metafora.archi\/it\/wp-json\/wp\/v2\/pages"}],"about":[{"href":"https:\/\/metafora.archi\/it\/wp-json\/wp\/v2\/types\/page"}],"author":[{"embeddable":true,"href":"https:\/\/metafora.archi\/it\/wp-json\/wp\/v2\/users\/1"}],"replies":[{"embeddable":true,"href":"https:\/\/metafora.archi\/it\/wp-json\/wp\/v2\/comments?post=34"}],"version-history":[{"count":11,"href":"https:\/\/metafora.archi\/it\/wp-json\/wp\/v2\/pages\/34\/revisions"}],"predecessor-version":[{"id":1416,"href":"https:\/\/metafora.archi\/it\/wp-json\/wp\/v2\/pages\/34\/revisions\/1416"}],"wp:attachment":[{"href":"https:\/\/metafora.archi\/it\/wp-json\/wp\/v2\/media?parent=34"}],"curies":[{"name":"wp","href":"https:\/\/api.w.org\/{rel}","templated":true}]}}